{"id":10,"date":"2025-04-10T19:26:52","date_gmt":"2025-04-10T19:26:52","guid":{"rendered":"https:\/\/webshop.humananova.org\/my-account\/"},"modified":"2025-05-27T06:43:41","modified_gmt":"2025-05-27T06:43:41","slug":"racun","status":"publish","type":"page","link":"https:\/\/webshop.humananova.org\/en\/racun\/","title":{"rendered":"racun"},"content":{"rendered":"<div data-elementor-type=\"wp-page\" data-elementor-id=\"10\" class=\"elementor elementor-10\" data-elementor-post-type=\"page\">\n\t\t\t\t<div data-particle_enable=\"false\" data-particle-mobile-disabled=\"false\" class=\"elementor-element elementor-element-27f7095c e-flex e-con-boxed e-con e-parent\" data-id=\"27f7095c\" data-element_type=\"container\" data-settings=\"{&quot;ekit_has_onepagescroll_dot&quot;:&quot;yes&quot;}\">\n\t\t\t\t\t<div class=\"e-con-inner\">\n\t\t\t\t\t<\/div>\n\t\t\t\t<\/div>\n\t\t\t\t<\/div>","protected":false},"excerpt":{"rendered":"<p>Zoran Martinjak Logout Dashboard Narud\u017ebe Adresa Moj ra\u010dun Odjava Pozdrav Zoran Martinjak (nisi Zoran Martinjak? Odjava) Iz svoje nadzorne plo\u010de mo\u017eete pregledati svoje posljednje narud\u017ebe, urediti svoje adrese za naplatu i dostavu i urediti svoju lozinku i detalje korisni\u010dkog ra\u010duna.<\/p>","protected":false},"author":1,"featured_media":0,"parent":0,"menu_order":0,"comment_status":"closed","ping_status":"closed","template":"","meta":{"footnotes":""},"class_list":["post-10","page","type-page","status-publish","hentry"],"_links":{"self":[{"href":"https:\/\/webshop.humananova.org\/en\/wp-json\/wp\/v2\/pages\/10","targetHints":{"allow":["GET"]}}],"collection":[{"href":"https:\/\/webshop.humananova.org\/en\/wp-json\/wp\/v2\/pages"}],"about":[{"href":"https:\/\/webshop.humananova.org\/en\/wp-json\/wp\/v2\/types\/page"}],"author":[{"embeddable":true,"href":"https:\/\/webshop.humananova.org\/en\/wp-json\/wp\/v2\/users\/1"}],"replies":[{"embeddable":true,"href":"https:\/\/webshop.humananova.org\/en\/wp-json\/wp\/v2\/comments?post=10"}],"version-history":[{"count":23,"href":"https:\/\/webshop.humananova.org\/en\/wp-json\/wp\/v2\/pages\/10\/revisions"}],"predecessor-version":[{"id":14039,"href":"https:\/\/webshop.humananova.org\/en\/wp-json\/wp\/v2\/pages\/10\/revisions\/14039"}],"wp:attachment":[{"href":"https:\/\/webshop.humananova.org\/en\/wp-json\/wp\/v2\/media?parent=10"}],"curies":[{"name":"wp","href":"https:\/\/api.w.org\/{rel}","templated":true}]}}