{"id":670,"date":"2025-04-30T07:16:56","date_gmt":"2025-04-30T07:16:56","guid":{"rendered":"https:\/\/webshop.humananova.org\/?page_id=670"},"modified":"2025-04-30T07:40:51","modified_gmt":"2025-04-30T07:40:51","slug":"politika-privatnosti-i-kolacici","status":"publish","type":"page","link":"https:\/\/webshop.humananova.org\/en\/politika-privatnosti-i-kolacici\/","title":{"rendered":"Privacy policy and cookies"},"content":{"rendered":"<div data-elementor-type=\"wp-page\" data-elementor-id=\"670\" class=\"elementor elementor-670\" data-elementor-post-type=\"page\">\n\t\t\t\t\t\t<section data-particle_enable=\"false\" data-particle-mobile-disabled=\"false\" class=\"elementor-section elementor-top-section elementor-element elementor-element-578e750e elementor-section-full_width elementor-section-height-default elementor-section-height-default\" data-id=\"578e750e\" data-element_type=\"section\" data-settings=\"{&quot;background_background&quot;:&quot;classic&quot;,&quot;background_motion_fx_motion_fx_scrolling&quot;:&quot;yes&quot;,&quot;background_motion_fx_translateY_effect&quot;:&quot;yes&quot;,&quot;background_motion_fx_translateY_speed&quot;:{&quot;unit&quot;:&quot;px&quot;,&quot;size&quot;:4,&quot;sizes&quot;:[]},&quot;background_motion_fx_translateY_affectedRange&quot;:{&quot;unit&quot;:&quot;%&quot;,&quot;size&quot;:&quot;&quot;,&quot;sizes&quot;:{&quot;start&quot;:0,&quot;end&quot;:100}},&quot;background_motion_fx_devices&quot;:[&quot;desktop&quot;,&quot;tablet&quot;,&quot;mobile&quot;],&quot;ekit_has_onepagescroll_dot&quot;:&quot;yes&quot;}\">\n\t\t\t\t\t\t\t<div class=\"elementor-background-overlay\"><\/div>\n\t\t\t\t\t\t\t<div class=\"elementor-container elementor-column-gap-no\">\n\t\t\t\t\t<div class=\"elementor-column elementor-col-100 elementor-top-column elementor-element elementor-element-7c8b06a3\" data-id=\"7c8b06a3\" data-element_type=\"column\">\n\t\t\t<div class=\"elementor-widget-wrap elementor-element-populated\">\n\t\t\t\t\t\t<div class=\"elementor-element elementor-element-36016b31 elementor-widget elementor-widget-heading\" data-id=\"36016b31\" data-element_type=\"widget\" data-settings=\"{&quot;ekit_we_effect_on&quot;:&quot;none&quot;}\" data-widget_type=\"heading.default\">\n\t\t\t\t<div class=\"elementor-widget-container\">\n\t\t\t\t\t<h1 class=\"elementor-heading-title elementor-size-default\">Privacy policy and cookies<\/h1>\t\t\t\t<\/div>\n\t\t\t\t<\/div>\n\t\t\t\t<div class=\"elementor-element elementor-element-3985103a elementor-widget-divider--view-line elementor-widget elementor-widget-divider\" data-id=\"3985103a\" data-element_type=\"widget\" data-settings=\"{&quot;ekit_we_effect_on&quot;:&quot;none&quot;}\" data-widget_type=\"divider.default\">\n\t\t\t\t<div class=\"elementor-widget-container\">\n\t\t\t\t\t\t\t<div class=\"elementor-divider\">\n\t\t\t<span class=\"elementor-divider-separator\">\n\t\t\t\t\t\t<\/span>\n\t\t<\/div>\n\t\t\t\t\t\t<\/div>\n\t\t\t\t<\/div>\n\t\t\t\t\t<\/div>\n\t\t<\/div>\n\t\t\t\t\t<\/div>\n\t\t<\/section>\n\t\t<div data-particle_enable=\"false\" data-particle-mobile-disabled=\"false\" class=\"elementor-element elementor-element-aff4481 e-flex e-con-boxed e-con e-parent\" data-id=\"aff4481\" data-element_type=\"container\" data-settings=\"{&quot;ekit_has_onepagescroll_dot&quot;:&quot;yes&quot;}\">\n\t\t\t\t\t<div class=\"e-con-inner\">\n\t\t\t\t<div class=\"elementor-element elementor-element-7724ec4 elementor-widget elementor-widget-text-editor\" data-id=\"7724ec4\" data-element_type=\"widget\" data-settings=\"{&quot;ekit_we_effect_on&quot;:&quot;none&quot;}\" data-widget_type=\"text-editor.default\">\n\t\t\t\t<div class=\"elementor-widget-container\">\n\t\t\t\t\t\t\t\t\t<h5><strong>Politika privatnosti i kori\u0161tenja kola\u010di\u0107a<\/strong><\/h5><p>Politika privatnosti su informacije o tome koji se osobni podaci korisnika web stranice prikupljaju, na koji na\u010din i u koje svrhe se oni obra\u0111uju te kako se \u0161tite. Politika se primjenjuje na radnje na web stranici Humane Nove, koje uklju\u010duju obradu osobnih podataka.<\/p><p>Ova Politika odnosi se na obradu osobnih podataka kupaca na na\u0161oj web stranici i korisnika koji posje\u0107uju na\u0161u web stranicu.<\/p><h5><strong>Koje vrste osobnih podataka prikupljamo?<\/strong><\/h5><p>Va\u0161e osobne podatke prikupljamo i obra\u0111ujemo kada stupite u interakciju s nama (na primjer, podatke koje upisujete ispunjavaju\u0107i obrazac na na\u0161oj web stranici) ili kad nam se javljate putem elektroni\u010dke po\u0161te. To uklju\u010duje i podatke koje upisujete kad kupujete na na\u0161em webshopu.<\/p><p>Svaki put kad posjetite na\u0161u internetsku stranicu, ako odobrite kori\u0161tenje kola\u010di\u0107a, mi kori\u0161tenjem Google Analytics sustava (kola\u010di\u0107a tre\u0107e strane) prikupljamo tehni\u010dke podatke kao \u0161to su vrsta i verzija preglednika, ure\u0111aja, vremenska zona i sl. Ovim putem ne prikupljamo osobne podatke poput IP adrese, ve\u0107 informacije o kori\u0161tenju na\u0161e web stranice (koje su stranice naj\u010ditanije, kako dugo se posjetitelji zadr\u017eavaju na odre\u0111enim stranicama i sl.)<\/p><h5><strong>U koju svrhu prikupljamo osobne podatke?<\/strong><\/h5><p>Va\u0161e osobne podatke \u010duvamo koliko je potrebno.\u00a0Osobne podatke ponajprije prikupljamo radi \u0161to u\u010dinkovitijeg odgovora na va\u0161 upit, osiguranja pru\u017eanja tra\u017eene usluge, promocije na\u0161ih proizvoda i na\u0161e pri\u010de, interne statisti\u010dke obrade podataka, mogu\u0107nosti slanja publikacija, bro\u0161ura i drugih promid\u017ebenih materijala.<\/p><h5><strong>Kako i kome otkrivamo va\u0161e osobne podatke?<\/strong><\/h5><p>Va\u0161e osobne podatke ne\u0107emo prodati tre\u0107im stranama.<br \/>Uvid u osobne podatke omogu\u0107ujemo tijelima dr\u017eavne vlasti i\/ili organima za provedbu zakona u slu\u010dajevima kada je to odre\u0111eno zakonom ili radi za\u0161tite na\u0161ih prava uklju\u010duju\u0107i na\u0161ih uvjeta kori\u0161tenja te za potrebe za\u0161tite na\u0161ih zakonitih interesa (uklju\u010duju\u0107i i zakonita prava drugih osoba) sukladno zakonskim propisima koji su na snazi.<\/p><h5><strong>Koliko dugo zadr\u017eavamo Va\u0161e osobne podatke?<\/strong><\/h5><p>Zadr\u017eavamo osobne podatke samo onoliko koliko je potrebno. Sve osobne podatke prikupljene uz Va\u0161u privolu bri\u0161emo nakon 5 godina, osim onih podataka koje moramo sa\u010duvati do kraja zakonski odre\u0111enog minimalnog roka.<\/p><h5><strong>Poveznice na druge internetske stranice i dru\u0161tvene mre\u017ee<\/strong><\/h5><p>Na\u0161a web stranica mo\u017ee nuditi poveznice na mre\u017ene stranice koje nisu pod na\u0161im nadzorom. Preporu\u010dujemo da se prilikom posjeta stranici na koju vas je odvela poveznica upoznate s postavkama privatnosti te internetske stranice.<\/p><h5><strong>Izjava o privatnosti<\/strong><\/h5><p>Obvezujemo se pru\u017eati za\u0161titu osobnim podacima kupaca, na na\u010din da prikupljamo samo nu\u017ene, osnovne podatke o kupcima\/korisnicima koji su nu\u017eni za ispunjenje na\u0161ih obveza. Svi se podaci o korisnicima strogo \u010duvaju i dostupni su samo djelatnicima kojima su ti podaci nu\u017eni za obavljanje posla.<\/p><h5><strong>Contact<\/strong><\/h5><p>Molimo da nam se u slu\u010daju bilo kakvih pitanja obratite na info@humananova.org.<br \/>Pritu\u017ebe u vezi s obradom Va\u0161ih osobnih podataka od strane Dru\u0161tva mogu se tako\u0111er uputiti nadle\u017enom tijelu za za\u0161titu podataka u Hrvatskoj (AZOP).<\/p><h5><strong>Politika kori\u0161tenja kola\u010di\u0107a<\/strong><\/h5><p>Prilikom pregledavanja stranice www.humananova.org, ne prikupljaju se osobni podaci koji bi omogu\u0107ili Va\u0161u osobnu identifikaciju. Ako nam je za pru\u017eanje odre\u0111ene usluge potreban Va\u0161 osobni podatak, posebno \u0107emo Vas upozoriti. Sve informacije koje kola\u010di\u0107i prikupljaju su anonimne.<\/p><p>Na\u0161a internetska stranica koristi kola\u010di\u0107e za pobolj\u0161anje korisni\u010dkih usluga te za olak\u0161avanje navigacije na\u0161im stranicama. Kori\u0161tenjem stranice pristajete na upotrebu kola\u010di\u0107a prema opisanim uvjetima. Blokiranjem kola\u010di\u0107a i dalje mo\u017eete pregledavati stranicu, no neke njezine mogu\u0107nosti ne\u0107e biti funkcionalne.<\/p><h5><strong>\u0160to su kola\u010di\u0107i (cookies)?<\/strong><\/h5><p>Kola\u010di\u0107i su male tekstualne datoteke koju na\u0161 poslu\u017eitelj smje\u0161ta na Va\u0161 preglednik. Ponovnim dolaskom na na\u0161u stranicu, preglednik nam \u0161alje kola\u010di\u0107e natrag, tako da ih na\u0161 server mo\u017ee prepoznati i podesiti postavke stranice za bolje kori\u0161tenje. Na taj na\u010din informacije su prilago\u0111ene Va\u0161im potrebama i dotada\u0161njem kori\u0161tenju. Detaljnije informacije o kori\u0161tenju kola\u010di\u0107a mo\u017eete saznati\u00a0ovdje. Osim jednostavnih informacija o postavkama, kola\u010di\u0107i mogu spremiti i velik broj osobnih informacija (ime, e-mail adresa), no za njih Vi dajete pristup.<\/p><h5><strong>Kako onemogu\u0107iti kola\u010di\u0107e?<\/strong><\/h5><p>Prilikom dolaska na na\u0161u stranicu kola\u010di\u0107i su onemogu\u0107eni sve dok ih Vi ne odobrite. Postavke kola\u010di\u0107a mogu se odre\u0111ivati i u izabranom internetskom pregledniku. Onemogu\u0107avanjem kola\u010di\u0107a ne\u0107ete mo\u0107i koristiti odre\u0111ene funkcionalnosti internetskih stranica.<\/p><h5><strong>Uvjeti kori\u0161tenja web stranice<\/strong><\/h5><p>Kori\u0161tenjem stranice www.humananova.org, prihva\u0107ate ove Uvjete kori\u0161tenja. Ako ih ne prihva\u0107ate, molimo vas da ne koristite ovu internetsku stranicu.<\/p><p>Dokumenti, informacije i sadr\u017eaji objavljeni na web stranici www.humananova.org ne smiju se kopirati, osim za individualnu uporabu, te nekomercijalne svrhe, ali uvijek uz po\u0161tivanje autorskih prava i drugih prava intelektualnog vlasni\u0161tva kao i svih ostalih ograni\u010denja prava. Bilo kakvo kopiranje, reprodukcija ili distribucija dokumenata, informacija i sadr\u017eaja sa stranice dopu\u0161tena je isklju\u010divo temeljem prethodnog izri\u010ditog odobrenja.<br \/>Nemate pravo koristiti logotip Humane Nove, kao ni ostale registrirane ili neregistrirane oznake koje se pojavljuju na na\u0161im web stranicama. Spomenute nazive ili logotipe ne smijete koristiti u priop\u0107enjima za javnost, reklamama ili na drugim marketin\u0161kim materijalima bez obzira da li su u pisanoj, elektronskoj ili nekoj drugoj formi bez prethodnog izri\u010ditog odobrenja. Oznake drugih entiteta na ovim web stranicama pojavljuju se samo za potrebe identifikacije i ne ukazuju na to da su ti entiteti odobrili ovu web stranicu ili bilo \u0161to od njenog sadr\u017eaja. Ovi Uvjeti Vam ne daju nikakvo pravo na kori\u0161tenje oznaka drugih entiteta.<\/p>\t\t\t\t\t\t\t\t<\/div>\n\t\t\t\t<\/div>\n\t\t\t\t\t<\/div>\n\t\t\t\t<\/div>\n\t\t\t\t<\/div>","protected":false},"excerpt":{"rendered":"<p>Politika privatnosti i kola\u010di\u0107i Politika privatnosti i kori\u0161tenja kola\u010di\u0107a Politika privatnosti su informacije o tome koji se osobni podaci korisnika web stranice prikupljaju, na koji na\u010din i u koje svrhe se oni obra\u0111uju te kako se \u0161tite. Politika se primjenjuje na radnje na web stranici Humane Nove, koje uklju\u010duju obradu osobnih podataka. Ova Politika odnosi [&hellip;]<\/p>","protected":false},"author":1,"featured_media":0,"parent":0,"menu_order":0,"comment_status":"closed","ping_status":"closed","template":"elementor_header_footer","meta":{"footnotes":""},"class_list":["post-670","page","type-page","status-publish","hentry"],"_links":{"self":[{"href":"https:\/\/webshop.humananova.org\/en\/wp-json\/wp\/v2\/pages\/670","targetHints":{"allow":["GET"]}}],"collection":[{"href":"https:\/\/webshop.humananova.org\/en\/wp-json\/wp\/v2\/pages"}],"about":[{"href":"https:\/\/webshop.humananova.org\/en\/wp-json\/wp\/v2\/types\/page"}],"author":[{"embeddable":true,"href":"https:\/\/webshop.humananova.org\/en\/wp-json\/wp\/v2\/users\/1"}],"replies":[{"embeddable":true,"href":"https:\/\/webshop.humananova.org\/en\/wp-json\/wp\/v2\/comments?post=670"}],"version-history":[{"count":10,"href":"https:\/\/webshop.humananova.org\/en\/wp-json\/wp\/v2\/pages\/670\/revisions"}],"predecessor-version":[{"id":688,"href":"https:\/\/webshop.humananova.org\/en\/wp-json\/wp\/v2\/pages\/670\/revisions\/688"}],"wp:attachment":[{"href":"https:\/\/webshop.humananova.org\/en\/wp-json\/wp\/v2\/media?parent=670"}],"curies":[{"name":"wp","href":"https:\/\/api.w.org\/{rel}","templated":true}]}}