{"id":13081,"date":"2025-05-13T15:31:44","date_gmt":"2025-05-13T15:31:44","guid":{"rendered":"https:\/\/webshop.humananova.org\/product\/platnena-vrecica-humana-nova-38x425\/"},"modified":"2026-04-21T06:28:50","modified_gmt":"2026-04-21T06:28:50","slug":"platnena-vrecica-humana-nova","status":"publish","type":"product","link":"https:\/\/webshop.humananova.org\/en\/platnena-vrecica-humana-nova\/","title":{"rendered":"Platnena vre\u0107ica Humana Nova"},"content":{"rendered":"<p>Izra\u0111ena od \u017eutice, ova izdr\u017eljiva torba savr\u0161en je suputnik za kupovinu, odlazak na tr\u017enicu ili posudbu knjiga iz knji\u017enice. Lako stane u torbu, ruksak ili auto \u2013 uvijek pri ruci kad zatreba.<\/p>\n<p>Jednostavna, funkcionalna i s porukom \u2013 njenim kori\u0161tenjem podr\u017eavate odr\u017eivost i na\u0161 dru\u0161tveni rad.<\/p>","protected":false},"excerpt":{"rendered":"<p>\u0160irina 38 cm<br \/>\nVisina 42,5 cm<br \/>\nDuljina ru\u010dki 72 cm<\/p>","protected":false},"featured_media":12612,"comment_status":"closed","ping_status":"closed","template":"","meta":[],"product_brand":[],"product_cat":[148],"product_tag":[],"class_list":{"0":"post-13081","1":"product","2":"type-product","3":"status-publish","4":"has-post-thumbnail","6":"product_cat-platnene-vrecice-dodaci","8":"first","9":"instock","10":"taxable","11":"shipping-taxable","12":"purchasable","13":"product-type-simple"},"_links":{"self":[{"href":"https:\/\/webshop.humananova.org\/en\/wp-json\/wp\/v2\/product\/13081","targetHints":{"allow":["GET"]}}],"collection":[{"href":"https:\/\/webshop.humananova.org\/en\/wp-json\/wp\/v2\/product"}],"about":[{"href":"https:\/\/webshop.humananova.org\/en\/wp-json\/wp\/v2\/types\/product"}],"replies":[{"embeddable":true,"href":"https:\/\/webshop.humananova.org\/en\/wp-json\/wp\/v2\/comments?post=13081"}],"wp:featuredmedia":[{"embeddable":true,"href":"https:\/\/webshop.humananova.org\/en\/wp-json\/wp\/v2\/media\/12612"}],"wp:attachment":[{"href":"https:\/\/webshop.humananova.org\/en\/wp-json\/wp\/v2\/media?parent=13081"}],"wp:term":[{"taxonomy":"product_brand","embeddable":true,"href":"https:\/\/webshop.humananova.org\/en\/wp-json\/wp\/v2\/product_brand?post=13081"},{"taxonomy":"product_cat","embeddable":true,"href":"https:\/\/webshop.humananova.org\/en\/wp-json\/wp\/v2\/product_cat?post=13081"},{"taxonomy":"product_tag","embeddable":true,"href":"https:\/\/webshop.humananova.org\/en\/wp-json\/wp\/v2\/product_tag?post=13081"}],"curies":[{"name":"wp","href":"https:\/\/api.w.org\/{rel}","templated":true}]}}