{"id":13083,"date":"2025-05-13T15:31:44","date_gmt":"2025-05-13T15:31:44","guid":{"rendered":"https:\/\/webshop.humananova.org\/product\/platnena-vrecica-keper-natur\/"},"modified":"2026-03-02T10:39:11","modified_gmt":"2026-03-02T10:39:11","slug":"platnena-vrecica-keper-natur","status":"publish","type":"product","link":"https:\/\/webshop.humananova.org\/en\/platnena-vrecica-keper-natur\/","title":{"rendered":"Platnena vre\u0107ica keper natur"},"content":{"rendered":"<p>Vre\u0107ica od kepera bez tiska idealna je za one koji cijene minimalizam i funkcionalnost. Izra\u0111ena od kvalitetnog i izdr\u017eljivog pamuka, pogodna je za svakodnevnu upotrebu \u2013 od kupovine do no\u0161enja knjiga ili osobnih stvari.<\/p>\n<p>Mo\u017ee poslu\u017eiti i kao podloga za vlastiti tisak ili oslikavanje \u2013 savr\u0161ena za kreativce.<\/p>\n<p>Prakti\u010dna, vi\u0161ekratna i odr\u017eiva alternativa plasti\u010dnim vre\u0107icama.<\/p>","protected":false},"excerpt":{"rendered":"<p>Vre\u0107ica od kepera bez tiska idealna je za one koji cijene minimalizam i funkcionalnost. Izra\u0111ena od kvalitetnog i izdr\u017eljivog pamuka, pogodna je za svakodnevnu upotrebu \u2013 od kupovine do no\u0161enja knjiga ili osobnih stvari. Mo\u017ee poslu\u017eiti i kao podloga za vlastiti tisak ili oslikavanje \u2013 savr\u0161ena za kreativce. Prakti\u010dna, vi\u0161ekratna i odr\u017eiva alternativa plasti\u010dnim vre\u0107icama.<\/p>","protected":false},"featured_media":12615,"comment_status":"closed","ping_status":"closed","template":"","meta":[],"product_brand":[],"product_cat":[148],"product_tag":[],"class_list":{"0":"post-13083","1":"product","2":"type-product","3":"status-publish","4":"has-post-thumbnail","6":"product_cat-platnene-vrecice-dodaci","8":"first","9":"instock","10":"taxable","11":"shipping-taxable","12":"purchasable","13":"product-type-simple"},"_links":{"self":[{"href":"https:\/\/webshop.humananova.org\/en\/wp-json\/wp\/v2\/product\/13083","targetHints":{"allow":["GET"]}}],"collection":[{"href":"https:\/\/webshop.humananova.org\/en\/wp-json\/wp\/v2\/product"}],"about":[{"href":"https:\/\/webshop.humananova.org\/en\/wp-json\/wp\/v2\/types\/product"}],"replies":[{"embeddable":true,"href":"https:\/\/webshop.humananova.org\/en\/wp-json\/wp\/v2\/comments?post=13083"}],"wp:featuredmedia":[{"embeddable":true,"href":"https:\/\/webshop.humananova.org\/en\/wp-json\/wp\/v2\/media\/12615"}],"wp:attachment":[{"href":"https:\/\/webshop.humananova.org\/en\/wp-json\/wp\/v2\/media?parent=13083"}],"wp:term":[{"taxonomy":"product_brand","embeddable":true,"href":"https:\/\/webshop.humananova.org\/en\/wp-json\/wp\/v2\/product_brand?post=13083"},{"taxonomy":"product_cat","embeddable":true,"href":"https:\/\/webshop.humananova.org\/en\/wp-json\/wp\/v2\/product_cat?post=13083"},{"taxonomy":"product_tag","embeddable":true,"href":"https:\/\/webshop.humananova.org\/en\/wp-json\/wp\/v2\/product_tag?post=13083"}],"curies":[{"name":"wp","href":"https:\/\/api.w.org\/{rel}","templated":true}]}}