{"id":13094,"date":"2025-05-13T15:31:48","date_gmt":"2025-05-13T15:31:48","guid":{"rendered":"https:\/\/webshop.humananova.org\/product\/jakna-sun\/"},"modified":"2025-11-26T09:38:33","modified_gmt":"2025-11-26T09:38:33","slug":"jakna-sun","status":"publish","type":"product","link":"https:\/\/webshop.humananova.org\/en\/jakna-sun\/","title":{"rendered":"Jakna Sun"},"content":{"rendered":"<p><span data-sheets-root=\"1\">This unique ruffle jacket is crafted from a mix of carefully chosen, high-quality materials. The interplay of textures and colors gives it a distinctive character and a one-of-a-kind look. <\/span>Thanks to the elastic waistband, the jacket adapts to the body and accentuates the silhouette, offering both comfort and style. Zip closure.<\/p>\n<p>Raspon veli\u010dina: S-L<\/p>","protected":false},"excerpt":{"rendered":"<p>Unikatna jakna s volanom izra\u0111ena je od vi\u0161e razli\u010ditih, pa\u017eljivo odabranih materijala visoke kvalitete. Spoj tekstura i boja daje joj prepoznatljiv karakter i jedinstven izgled. Zahvaljuju\u0107i gumi u struku, jakna se prilago\u0111ava tijelu i nagla\u0161ava siluetu, pru\u017eaju\u0107i udobnost i stil u jednom. Kop\u010danje na zatvara\u010d. Raspon veli\u010dina: S-L<\/p>","protected":false},"featured_media":12904,"comment_status":"closed","ping_status":"closed","template":"","meta":[],"product_brand":[],"product_cat":[126,127],"product_tag":[],"class_list":{"0":"post-13094","1":"product","2":"type-product","3":"status-publish","4":"has-post-thumbnail","6":"product_cat-jakne-i-kaputi","7":"product_cat-jakne","9":"first","10":"outofstock","11":"taxable","12":"shipping-taxable","13":"purchasable","14":"product-type-simple"},"_links":{"self":[{"href":"https:\/\/webshop.humananova.org\/en\/wp-json\/wp\/v2\/product\/13094","targetHints":{"allow":["GET"]}}],"collection":[{"href":"https:\/\/webshop.humananova.org\/en\/wp-json\/wp\/v2\/product"}],"about":[{"href":"https:\/\/webshop.humananova.org\/en\/wp-json\/wp\/v2\/types\/product"}],"replies":[{"embeddable":true,"href":"https:\/\/webshop.humananova.org\/en\/wp-json\/wp\/v2\/comments?post=13094"}],"wp:featuredmedia":[{"embeddable":true,"href":"https:\/\/webshop.humananova.org\/en\/wp-json\/wp\/v2\/media\/12904"}],"wp:attachment":[{"href":"https:\/\/webshop.humananova.org\/en\/wp-json\/wp\/v2\/media?parent=13094"}],"wp:term":[{"taxonomy":"product_brand","embeddable":true,"href":"https:\/\/webshop.humananova.org\/en\/wp-json\/wp\/v2\/product_brand?post=13094"},{"taxonomy":"product_cat","embeddable":true,"href":"https:\/\/webshop.humananova.org\/en\/wp-json\/wp\/v2\/product_cat?post=13094"},{"taxonomy":"product_tag","embeddable":true,"href":"https:\/\/webshop.humananova.org\/en\/wp-json\/wp\/v2\/product_tag?post=13094"}],"curies":[{"name":"wp","href":"https:\/\/api.w.org\/{rel}","templated":true}]}}