{"id":13099,"date":"2025-05-13T15:31:48","date_gmt":"2025-05-13T15:31:48","guid":{"rendered":"https:\/\/webshop.humananova.org\/product\/parka-ii-xs-s\/"},"modified":"2026-03-11T08:15:06","modified_gmt":"2026-03-11T08:15:06","slug":"parka-twist","status":"publish","type":"product","link":"https:\/\/webshop.humananova.org\/en\/parka-twist\/","title":{"rendered":"Parka Twist"},"content":{"rendered":"<p>Parka je izra\u0111ena je od kombinacije prenamijenjenih materijala i ostataka iz procesa krojenja, \u0161to svaku \u010dini unikatnom.<\/p>\n<p>Dolazi u dvije veli\u010dine, s krojem koji se lako prilago\u0111ava razli\u010ditim oblicima tijela. Parka ima zatvara\u010d i vezice za pode\u0161avanje u struku, a pomo\u0107u trakica s prednje i stra\u017enje strane mogu\u0107e je oblikovati nabor prema \u017eelji. Funkcionalna, udobna i odr\u017eiva \u2013 idealna za sve koji \u017eele nositi odgovornu modu s karakterom.<\/p>\n<p>&nbsp;<\/p>","protected":false},"excerpt":{"rendered":"<p><strong>Size range:<\/strong><\/p>\n<p>XS\/S<\/p>\n<p>Opseg u struku: 152 cm<br \/>\nOpseg na bokovima: 172 cm<br \/>\nPrednja duljina: 96 cm<br \/>\nStra\u017enja duljina: 112 cm<br \/>\nPomo\u0107u vezice u struku, struk se mo\u017ee prilagoditi na \u017eeljenu dimenziju, tj. Prema tijelu.<\/p>","protected":false},"featured_media":15850,"comment_status":"closed","ping_status":"closed","template":"","meta":[],"product_brand":[],"product_cat":[126,160],"product_tag":[],"class_list":{"0":"post-13099","1":"product","2":"type-product","3":"status-publish","4":"has-post-thumbnail","6":"product_cat-jakne-i-kaputi","7":"product_cat-parke","9":"first","10":"outofstock","11":"taxable","12":"shipping-taxable","13":"purchasable","14":"product-type-simple"},"_links":{"self":[{"href":"https:\/\/webshop.humananova.org\/en\/wp-json\/wp\/v2\/product\/13099","targetHints":{"allow":["GET"]}}],"collection":[{"href":"https:\/\/webshop.humananova.org\/en\/wp-json\/wp\/v2\/product"}],"about":[{"href":"https:\/\/webshop.humananova.org\/en\/wp-json\/wp\/v2\/types\/product"}],"replies":[{"embeddable":true,"href":"https:\/\/webshop.humananova.org\/en\/wp-json\/wp\/v2\/comments?post=13099"}],"wp:featuredmedia":[{"embeddable":true,"href":"https:\/\/webshop.humananova.org\/en\/wp-json\/wp\/v2\/media\/15850"}],"wp:attachment":[{"href":"https:\/\/webshop.humananova.org\/en\/wp-json\/wp\/v2\/media?parent=13099"}],"wp:term":[{"taxonomy":"product_brand","embeddable":true,"href":"https:\/\/webshop.humananova.org\/en\/wp-json\/wp\/v2\/product_brand?post=13099"},{"taxonomy":"product_cat","embeddable":true,"href":"https:\/\/webshop.humananova.org\/en\/wp-json\/wp\/v2\/product_cat?post=13099"},{"taxonomy":"product_tag","embeddable":true,"href":"https:\/\/webshop.humananova.org\/en\/wp-json\/wp\/v2\/product_tag?post=13099"}],"curies":[{"name":"wp","href":"https:\/\/api.w.org\/{rel}","templated":true}]}}