{"id":13128,"date":"2025-05-13T15:31:52","date_gmt":"2025-05-13T15:31:52","guid":{"rendered":"https:\/\/webshop.humananova.org\/product\/suknja-traper\/"},"modified":"2026-04-15T07:39:15","modified_gmt":"2026-04-15T07:39:15","slug":"suknja-traper","status":"publish","type":"product","link":"https:\/\/webshop.humananova.org\/en\/suknja-traper\/","title":{"rendered":"JEANS SKIRT"},"content":{"rendered":"<p>Ova traper suknja visokog rasporka pravi je primjer redizajna Humane Nove. Rasporak je sa zadnje strane ne\u0161to ni\u017ei. Pamu\u010dni render u struku \u010dini je udobnim odjevnim predmetom.<\/p>","protected":false},"excerpt":{"rendered":"<p>Ova traper suknja visokog rasporka pravi je primjer redizajna Humane Nove. Rasporak je sa zadnje strane ne\u0161to ni\u017ei. Pamu\u010dni render u struku \u010dini je udobnim odjevnim predmetom.<\/p>","protected":false},"featured_media":12687,"comment_status":"closed","ping_status":"closed","template":"","meta":[],"product_brand":[],"product_cat":[135,151],"product_tag":[],"class_list":{"0":"post-13128","1":"product","2":"type-product","3":"status-publish","4":"has-post-thumbnail","6":"product_cat-suknje","7":"product_cat-specials","9":"first","10":"instock","11":"taxable","12":"shipping-taxable","13":"purchasable","14":"product-type-simple"},"_links":{"self":[{"href":"https:\/\/webshop.humananova.org\/en\/wp-json\/wp\/v2\/product\/13128","targetHints":{"allow":["GET"]}}],"collection":[{"href":"https:\/\/webshop.humananova.org\/en\/wp-json\/wp\/v2\/product"}],"about":[{"href":"https:\/\/webshop.humananova.org\/en\/wp-json\/wp\/v2\/types\/product"}],"replies":[{"embeddable":true,"href":"https:\/\/webshop.humananova.org\/en\/wp-json\/wp\/v2\/comments?post=13128"}],"wp:featuredmedia":[{"embeddable":true,"href":"https:\/\/webshop.humananova.org\/en\/wp-json\/wp\/v2\/media\/12687"}],"wp:attachment":[{"href":"https:\/\/webshop.humananova.org\/en\/wp-json\/wp\/v2\/media?parent=13128"}],"wp:term":[{"taxonomy":"product_brand","embeddable":true,"href":"https:\/\/webshop.humananova.org\/en\/wp-json\/wp\/v2\/product_brand?post=13128"},{"taxonomy":"product_cat","embeddable":true,"href":"https:\/\/webshop.humananova.org\/en\/wp-json\/wp\/v2\/product_cat?post=13128"},{"taxonomy":"product_tag","embeddable":true,"href":"https:\/\/webshop.humananova.org\/en\/wp-json\/wp\/v2\/product_tag?post=13128"}],"curies":[{"name":"wp","href":"https:\/\/api.w.org\/{rel}","templated":true}]}}