{"id":13147,"date":"2025-05-13T15:32:10","date_gmt":"2025-05-13T15:32:10","guid":{"rendered":"https:\/\/webshop.humananova.org\/product\/kosulja-bolero\/"},"modified":"2026-03-05T12:44:27","modified_gmt":"2026-03-05T12:44:27","slug":"kosulja-bolero","status":"publish","type":"product","link":"https:\/\/webshop.humananova.org\/en\/kosulja-bolero\/","title":{"rendered":"Ko\u0161ulja &#8211; bolero"},"content":{"rendered":"<p>Ko\u0161ulja je nastala procesom upcyclinga postoje\u0107e mu\u0161ke ko\u0161ulje koja je nekome bila vi\u0161ak, s dodatkom unikatnog bolera. Mo\u017ee se nositi i bez bolera. <strong>Veli\u010dina:<\/strong> 36-40<\/p>","protected":false},"excerpt":{"rendered":"<p>Ko\u0161ulja je nastala procesom upcyclinga postoje\u0107e mu\u0161ke ko\u0161ulje koja je nekome bila vi\u0161ak, s dodatkom unikatnog bolera. Mo\u017ee se nositi i bez bolera. Veli\u010dina: 36-40<\/p>","protected":false},"featured_media":13148,"comment_status":"closed","ping_status":"closed","template":"","meta":[],"product_brand":[],"product_cat":[131,132],"product_tag":[],"class_list":{"0":"post-13147","1":"product","2":"type-product","3":"status-publish","4":"has-post-thumbnail","6":"product_cat-majice","7":"product_cat-dugi-rukav","9":"first","10":"instock","11":"taxable","12":"shipping-taxable","13":"purchasable","14":"product-type-simple"},"_links":{"self":[{"href":"https:\/\/webshop.humananova.org\/en\/wp-json\/wp\/v2\/product\/13147","targetHints":{"allow":["GET"]}}],"collection":[{"href":"https:\/\/webshop.humananova.org\/en\/wp-json\/wp\/v2\/product"}],"about":[{"href":"https:\/\/webshop.humananova.org\/en\/wp-json\/wp\/v2\/types\/product"}],"replies":[{"embeddable":true,"href":"https:\/\/webshop.humananova.org\/en\/wp-json\/wp\/v2\/comments?post=13147"}],"wp:featuredmedia":[{"embeddable":true,"href":"https:\/\/webshop.humananova.org\/en\/wp-json\/wp\/v2\/media\/13148"}],"wp:attachment":[{"href":"https:\/\/webshop.humananova.org\/en\/wp-json\/wp\/v2\/media?parent=13147"}],"wp:term":[{"taxonomy":"product_brand","embeddable":true,"href":"https:\/\/webshop.humananova.org\/en\/wp-json\/wp\/v2\/product_brand?post=13147"},{"taxonomy":"product_cat","embeddable":true,"href":"https:\/\/webshop.humananova.org\/en\/wp-json\/wp\/v2\/product_cat?post=13147"},{"taxonomy":"product_tag","embeddable":true,"href":"https:\/\/webshop.humananova.org\/en\/wp-json\/wp\/v2\/product_tag?post=13147"}],"curies":[{"name":"wp","href":"https:\/\/api.w.org\/{rel}","templated":true}]}}