{"id":13260,"date":"2025-05-13T15:33:46","date_gmt":"2025-05-13T15:33:46","guid":{"rendered":"https:\/\/webshop.humananova.org\/product\/parka-31-xs-s\/"},"modified":"2025-11-13T08:49:41","modified_gmt":"2025-11-13T08:49:41","slug":"parka-electric","status":"publish","type":"product","link":"https:\/\/webshop.humananova.org\/en\/parka-electric\/","title":{"rendered":"Parka Electric"},"content":{"rendered":"<p>The parka is made from a combination of repurposed materials and leftover fabrics from the cutting process, making each piece unique. It comes in two sizes, with a cut that easily adapts to different body shapes. It features a zipper and waist-adjusting drawstrings, while straps on the front and back allow you to shape the folds as desired. Functional, comfortable, and sustainable \u2013 ideal for those who want to wear responsible fashion with character. <strong>Size range:<\/strong> XS-M<\/p>\n<p>DIMENSIONS:<\/p>\n<p>Waist circumference: 152 cm; Hip circumference: 172 cm; Front length: 96 cm; Back length: 112 cm.<\/p>","protected":false},"excerpt":{"rendered":"<p>Parka je izra\u0111ena je od kombinacije prenamijenjenih materijala i ostataka iz procesa krojenja, \u0161to svaku \u010dini unikatnom. Dolazi u dvije veli\u010dine, s krojem koji se lako prilago\u0111ava razli\u010ditim oblicima tijela. Ima zatvara\u010d i vezice za pode\u0161avanje u struku, a pomo\u0107u trakica s prednje i stra\u017enje strane mogu\u0107e je oblikovati nabor prema \u017eelji. Funkcionalna, udobna i [&hellip;]<\/p>","protected":false},"featured_media":13261,"comment_status":"closed","ping_status":"closed","template":"","meta":[],"product_brand":[],"product_cat":[126,160,151],"product_tag":[],"class_list":{"0":"post-13260","1":"product","2":"type-product","3":"status-publish","4":"has-post-thumbnail","6":"product_cat-jakne-i-kaputi","7":"product_cat-parke","8":"product_cat-specials","10":"first","11":"instock","12":"taxable","13":"shipping-taxable","14":"purchasable","15":"product-type-simple"},"_links":{"self":[{"href":"https:\/\/webshop.humananova.org\/en\/wp-json\/wp\/v2\/product\/13260","targetHints":{"allow":["GET"]}}],"collection":[{"href":"https:\/\/webshop.humananova.org\/en\/wp-json\/wp\/v2\/product"}],"about":[{"href":"https:\/\/webshop.humananova.org\/en\/wp-json\/wp\/v2\/types\/product"}],"replies":[{"embeddable":true,"href":"https:\/\/webshop.humananova.org\/en\/wp-json\/wp\/v2\/comments?post=13260"}],"wp:featuredmedia":[{"embeddable":true,"href":"https:\/\/webshop.humananova.org\/en\/wp-json\/wp\/v2\/media\/13261"}],"wp:attachment":[{"href":"https:\/\/webshop.humananova.org\/en\/wp-json\/wp\/v2\/media?parent=13260"}],"wp:term":[{"taxonomy":"product_brand","embeddable":true,"href":"https:\/\/webshop.humananova.org\/en\/wp-json\/wp\/v2\/product_brand?post=13260"},{"taxonomy":"product_cat","embeddable":true,"href":"https:\/\/webshop.humananova.org\/en\/wp-json\/wp\/v2\/product_cat?post=13260"},{"taxonomy":"product_tag","embeddable":true,"href":"https:\/\/webshop.humananova.org\/en\/wp-json\/wp\/v2\/product_tag?post=13260"}],"curies":[{"name":"wp","href":"https:\/\/api.w.org\/{rel}","templated":true}]}}