{"id":13266,"date":"2025-05-13T15:33:46","date_gmt":"2025-05-13T15:33:46","guid":{"rendered":"https:\/\/webshop.humananova.org\/product\/kaput-liv\/"},"modified":"2025-09-22T09:36:30","modified_gmt":"2025-09-22T09:36:30","slug":"kaput-liv","status":"publish","type":"product","link":"https:\/\/webshop.humananova.org\/en\/kaput-liv\/","title":{"rendered":"Kaput Liv"},"content":{"rendered":"<p>The coat features an attractive cut made from durable materials, complemented by eye-catching fabrics on the back. Versatile for various occasions. The detachable hood allows you to transform the look from sporty to more elegant\u2014depending on your mood and needs.<\/p>\n<p><strong>Size range: <\/strong>S-L<\/p>\n<p><strong>DIMENSIONS: <\/strong>Coat length: 108 cm; Sleeve length: 60 cm; Waist circumference: 88 cm to 118 cm (adjustable); Shoulder width: 49 cm<\/p>","protected":false},"excerpt":{"rendered":"<p>Kaput predstavlja atraktivan kroj izra\u0111en od \u010dvrstih materijala, u kombinaciji s atraktivnim tkaninama koje krase stra\u017enji dio. Nosiv u razli\u010ditim prilikama. Kapulja\u010da koja se mo\u017ee skinuti omogu\u0107uje transformaciju iz sportskog u elegantniji izgled \u2013 ovisno o raspolo\u017eenju i potrebi. Raspon veli\u010dina: S-L DIMENZIJE: Duljina kaputa: 108 cm; Duljina rukava: 60 cm; Opseg struka: od 88 [&hellip;]<\/p>","protected":false},"featured_media":13267,"comment_status":"closed","ping_status":"closed","template":"","meta":[],"product_brand":[],"product_cat":[126,129,151],"product_tag":[],"class_list":{"0":"post-13266","1":"product","2":"type-product","3":"status-publish","4":"has-post-thumbnail","6":"product_cat-jakne-i-kaputi","7":"product_cat-kaputi-jakne-i-kaputi","8":"product_cat-specials","10":"first","11":"outofstock","12":"taxable","13":"shipping-taxable","14":"purchasable","15":"product-type-simple"},"_links":{"self":[{"href":"https:\/\/webshop.humananova.org\/en\/wp-json\/wp\/v2\/product\/13266","targetHints":{"allow":["GET"]}}],"collection":[{"href":"https:\/\/webshop.humananova.org\/en\/wp-json\/wp\/v2\/product"}],"about":[{"href":"https:\/\/webshop.humananova.org\/en\/wp-json\/wp\/v2\/types\/product"}],"replies":[{"embeddable":true,"href":"https:\/\/webshop.humananova.org\/en\/wp-json\/wp\/v2\/comments?post=13266"}],"wp:featuredmedia":[{"embeddable":true,"href":"https:\/\/webshop.humananova.org\/en\/wp-json\/wp\/v2\/media\/13267"}],"wp:attachment":[{"href":"https:\/\/webshop.humananova.org\/en\/wp-json\/wp\/v2\/media?parent=13266"}],"wp:term":[{"taxonomy":"product_brand","embeddable":true,"href":"https:\/\/webshop.humananova.org\/en\/wp-json\/wp\/v2\/product_brand?post=13266"},{"taxonomy":"product_cat","embeddable":true,"href":"https:\/\/webshop.humananova.org\/en\/wp-json\/wp\/v2\/product_cat?post=13266"},{"taxonomy":"product_tag","embeddable":true,"href":"https:\/\/webshop.humananova.org\/en\/wp-json\/wp\/v2\/product_tag?post=13266"}],"curies":[{"name":"wp","href":"https:\/\/api.w.org\/{rel}","templated":true}]}}