{"id":13278,"date":"2025-05-13T15:33:46","date_gmt":"2025-05-13T15:33:46","guid":{"rendered":"https:\/\/webshop.humananova.org\/product\/suknja-5\/"},"modified":"2025-11-25T12:35:48","modified_gmt":"2025-11-25T12:35:48","slug":"suknja-cher","status":"publish","type":"product","link":"https:\/\/webshop.humananova.org\/en\/suknja-cher\/","title":{"rendered":"Suknja Cher"},"content":{"rendered":"<p><span data-sheets-root=\"1\">This unique wrap skirt is made entirely from production leftovers and is the result of Humana Nova\u2019s carefully designed redesign. Each piece is special and different, depending on the available textiles, meaning no two skirts are the same. <\/span>The wrap design allows for easy adjustment to various sizes and styles \u2013 perfect for anyone looking for a combination of sustainability, comfort, and uniqueness. Size range: S-M<\/p>","protected":false},"excerpt":{"rendered":"<p>Unikatna suknja na preklop izra\u0111ena u potpunosti od vi\u0161kova iz proizvodnje, rezultat je pa\u017eljivo osmi\u0161ljenog redizajna Humane Nove. Svaki komad je poseban i druga\u010diji, ovisno o dostupnim tekstilima, \u0161to zna\u010di da ne postoje dvije iste suknje. Zahvaljuju\u0107i kroju na preklop, lako se prilago\u0111ava razli\u010ditim veli\u010dinama i stilovima \u2013 idealna za sve koji \u017eele spoj odr\u017eivosti, [&hellip;]<\/p>","protected":false},"featured_media":13279,"comment_status":"closed","ping_status":"closed","template":"","meta":[],"product_brand":[],"product_cat":[135],"product_tag":[],"class_list":{"0":"post-13278","1":"product","2":"type-product","3":"status-publish","4":"has-post-thumbnail","6":"product_cat-suknje","8":"first","9":"outofstock","10":"taxable","11":"shipping-taxable","12":"purchasable","13":"product-type-simple"},"_links":{"self":[{"href":"https:\/\/webshop.humananova.org\/en\/wp-json\/wp\/v2\/product\/13278","targetHints":{"allow":["GET"]}}],"collection":[{"href":"https:\/\/webshop.humananova.org\/en\/wp-json\/wp\/v2\/product"}],"about":[{"href":"https:\/\/webshop.humananova.org\/en\/wp-json\/wp\/v2\/types\/product"}],"replies":[{"embeddable":true,"href":"https:\/\/webshop.humananova.org\/en\/wp-json\/wp\/v2\/comments?post=13278"}],"wp:featuredmedia":[{"embeddable":true,"href":"https:\/\/webshop.humananova.org\/en\/wp-json\/wp\/v2\/media\/13279"}],"wp:attachment":[{"href":"https:\/\/webshop.humananova.org\/en\/wp-json\/wp\/v2\/media?parent=13278"}],"wp:term":[{"taxonomy":"product_brand","embeddable":true,"href":"https:\/\/webshop.humananova.org\/en\/wp-json\/wp\/v2\/product_brand?post=13278"},{"taxonomy":"product_cat","embeddable":true,"href":"https:\/\/webshop.humananova.org\/en\/wp-json\/wp\/v2\/product_cat?post=13278"},{"taxonomy":"product_tag","embeddable":true,"href":"https:\/\/webshop.humananova.org\/en\/wp-json\/wp\/v2\/product_tag?post=13278"}],"curies":[{"name":"wp","href":"https:\/\/api.w.org\/{rel}","templated":true}]}}