{"id":13472,"date":"2025-05-20T05:23:21","date_gmt":"2025-05-20T05:23:21","guid":{"rendered":"https:\/\/webshop.humananova.org\/?post_type=product&#038;p=13472"},"modified":"2026-03-07T20:26:30","modified_gmt":"2026-03-07T20:26:30","slug":"kuta-plavi-traper","status":"publish","type":"product","link":"https:\/\/webshop.humananova.org\/en\/kuta-plavi-traper\/","title":{"rendered":"Kuta: plavi traper"},"content":{"rendered":"<p>Made from lightweight denim, this apron is perfect for everyday work in kindergarten. Breathable, comfortable, and durable enough for all the day\u2019s challenges \u2014 from playtime to creative activities. It fastens with snap buttons and is available with or without an appliqu\u00e9.<\/p>\n<p>Prakti\u010dni kroj omogu\u0107uje lako obla\u010denje i slobodu kretanja, a veliki d\u017eepovi pru\u017eaju prostor za sve \u0161to teta treba imati pri ruci. Mogu\u0107a personalizacija po narud\u017ebi.<\/p>","protected":false},"excerpt":{"rendered":"<p><img fetchpriority=\"high\" decoding=\"async\" class=\"alignnone wp-image-14483\" src=\"https:\/\/webshop.humananova.org\/wp-content\/uploads\/2025\/05\/admin-ajax-2-300x300.jpg\" alt=\"\" width=\"300\" height=\"300\" srcset=\"https:\/\/webshop.humananova.org\/wp-content\/uploads\/2025\/05\/admin-ajax-2-300x300.jpg 300w, https:\/\/webshop.humananova.org\/wp-content\/uploads\/2025\/05\/admin-ajax-2-150x150.jpg 150w, https:\/\/webshop.humananova.org\/wp-content\/uploads\/2025\/05\/admin-ajax-2-768x768.jpg 768w, https:\/\/webshop.humananova.org\/wp-content\/uploads\/2025\/05\/admin-ajax-2-1024x1024.jpg 1024w, https:\/\/webshop.humananova.org\/wp-content\/uploads\/2025\/05\/admin-ajax-2-600x600.jpg 600w, https:\/\/webshop.humananova.org\/wp-content\/uploads\/2025\/05\/admin-ajax-2-100x100.jpg 100w\" sizes=\"(max-width: 300px) 100vw, 300px\" \/><\/p>","protected":false},"featured_media":13479,"comment_status":"open","ping_status":"closed","template":"","meta":[],"product_brand":[],"product_cat":[152,153,154],"product_tag":[],"class_list":{"0":"post-13472","1":"product","2":"type-product","3":"status-publish","4":"has-post-thumbnail","6":"product_cat-kute","7":"product_cat-traper-kute","8":"product_cat-kute-na-kopcanje","10":"first","11":"instock","12":"taxable","13":"shipping-taxable","14":"purchasable","15":"product-type-variable"},"_links":{"self":[{"href":"https:\/\/webshop.humananova.org\/en\/wp-json\/wp\/v2\/product\/13472","targetHints":{"allow":["GET"]}}],"collection":[{"href":"https:\/\/webshop.humananova.org\/en\/wp-json\/wp\/v2\/product"}],"about":[{"href":"https:\/\/webshop.humananova.org\/en\/wp-json\/wp\/v2\/types\/product"}],"replies":[{"embeddable":true,"href":"https:\/\/webshop.humananova.org\/en\/wp-json\/wp\/v2\/comments?post=13472"}],"wp:featuredmedia":[{"embeddable":true,"href":"https:\/\/webshop.humananova.org\/en\/wp-json\/wp\/v2\/media\/13479"}],"wp:attachment":[{"href":"https:\/\/webshop.humananova.org\/en\/wp-json\/wp\/v2\/media?parent=13472"}],"wp:term":[{"taxonomy":"product_brand","embeddable":true,"href":"https:\/\/webshop.humananova.org\/en\/wp-json\/wp\/v2\/product_brand?post=13472"},{"taxonomy":"product_cat","embeddable":true,"href":"https:\/\/webshop.humananova.org\/en\/wp-json\/wp\/v2\/product_cat?post=13472"},{"taxonomy":"product_tag","embeddable":true,"href":"https:\/\/webshop.humananova.org\/en\/wp-json\/wp\/v2\/product_tag?post=13472"}],"curies":[{"name":"wp","href":"https:\/\/api.w.org\/{rel}","templated":true}]}}