{"id":13504,"date":"2025-05-20T08:49:52","date_gmt":"2025-05-20T08:49:52","guid":{"rendered":"https:\/\/webshop.humananova.org\/?post_type=product&#038;p=13504"},"modified":"2026-03-31T10:28:22","modified_gmt":"2026-03-31T10:28:22","slug":"hoodie-daya-siva","status":"publish","type":"product","link":"https:\/\/webshop.humananova.org\/en\/hoodie-daya-siva\/","title":{"rendered":"Hoodie Daya Siva"},"content":{"rendered":"<p><span data-sheets-root=\"1\">The Daya hoodie brings a fresh and sophisticated twist to the classic hoodie. It features an asymmetrical cut \u2014 longer at the front, shorter at the back \u2014 and ties with pull strings that create a delicate ruched effect.<\/span><\/p>\n<p>Idealna je za casual kombinacije s dozom elegancije. Nosiva u razli\u010ditim prilikama \u2013 od opu\u0161tenih izlazaka do stiliziranih dnevnih outfita. Izra\u0111ena od eko certificiranog pamuka.<\/p>\n<p>&nbsp;<\/p>\n<p>&nbsp;<\/p>","protected":false},"excerpt":{"rendered":"<p>Hoodie Daya donosi svje\u017e i sofisticiran zaokret klasi\u010dnoj hudici. Asimetri\u010dnog je kroja \u2013 prednji dio je du\u017ei, stra\u017enji kra\u0107i \u2013 i ve\u017ee se na ma\u0161nu vezicama na potezanje, \u0161to omogu\u0107uje stvaranje laganog nabora. Idealna je za casual kombinacije s dozom elegancije. Nosiva u razli\u010ditim prilikama \u2013 od opu\u0161tenih izlazaka do stiliziranih dnevnih outfita. Izra\u0111ena od [&hellip;]<\/p>","protected":false},"featured_media":13515,"comment_status":"open","ping_status":"closed","template":"","meta":[],"product_brand":[],"product_cat":[134],"product_tag":[],"class_list":{"0":"post-13504","1":"product","2":"type-product","3":"status-publish","4":"has-post-thumbnail","6":"product_cat-hoodie","8":"first","9":"outofstock","10":"taxable","11":"shipping-taxable","12":"purchasable","13":"product-type-variable"},"_links":{"self":[{"href":"https:\/\/webshop.humananova.org\/en\/wp-json\/wp\/v2\/product\/13504","targetHints":{"allow":["GET"]}}],"collection":[{"href":"https:\/\/webshop.humananova.org\/en\/wp-json\/wp\/v2\/product"}],"about":[{"href":"https:\/\/webshop.humananova.org\/en\/wp-json\/wp\/v2\/types\/product"}],"replies":[{"embeddable":true,"href":"https:\/\/webshop.humananova.org\/en\/wp-json\/wp\/v2\/comments?post=13504"}],"wp:featuredmedia":[{"embeddable":true,"href":"https:\/\/webshop.humananova.org\/en\/wp-json\/wp\/v2\/media\/13515"}],"wp:attachment":[{"href":"https:\/\/webshop.humananova.org\/en\/wp-json\/wp\/v2\/media?parent=13504"}],"wp:term":[{"taxonomy":"product_brand","embeddable":true,"href":"https:\/\/webshop.humananova.org\/en\/wp-json\/wp\/v2\/product_brand?post=13504"},{"taxonomy":"product_cat","embeddable":true,"href":"https:\/\/webshop.humananova.org\/en\/wp-json\/wp\/v2\/product_cat?post=13504"},{"taxonomy":"product_tag","embeddable":true,"href":"https:\/\/webshop.humananova.org\/en\/wp-json\/wp\/v2\/product_tag?post=13504"}],"curies":[{"name":"wp","href":"https:\/\/api.w.org\/{rel}","templated":true}]}}