{"id":14036,"date":"2025-05-27T07:12:38","date_gmt":"2025-05-27T07:12:38","guid":{"rendered":"https:\/\/webshop.humananova.org\/?post_type=product&#038;p=14036"},"modified":"2026-05-08T05:52:50","modified_gmt":"2026-05-08T05:52:50","slug":"parka-up","status":"publish","type":"product","link":"https:\/\/webshop.humananova.org\/en\/parka-up\/","title":{"rendered":"Parka UP"},"content":{"rendered":"<p><span data-sheets-root=\"1\">VELI\u010cINA: S-XL<\/span><\/p>\n<p><span data-sheets-root=\"1\">The A-line parka cut offers freedom of movement and everyday comfort. Contrasting black details and carefully designed elements give this jacket a modern, urban look.<\/span><\/p>\n<p>Ideal for: spring, autumn, city strolls, travel, and everyday wear.<\/p>\n<p><strong>DIMENSIONS:<\/strong><\/p>\n<p>Length: 107 cm; Sleeve length: 56-67 cm (depending on how tight you adjust them); Waist circumference: 116 cm (adjustable with a drawstring); Shoulder width: 49 cm<\/p>","protected":false},"excerpt":{"rendered":"<p>VELI\u010cINA: S-XL Kroj parke u A-liniji pru\u017ea slobodu kretanja i udobnost u svakodnevici. Kontrastni crni detalji i pomno osmi\u0161ljeni dizajnerski elementi daju ovoj jakni moderan, urbani izgled. Idealna za: prolje\u0107e, jesen, gradske \u0161etnje, putovanja i svakodnevno no\u0161enje. DIMENZIJE: Duljina: 107 cm; Duljina rukava: 56-67 (ovisno o tome kako zategnemo); Opseg struka: 116 cm (regulira se [&hellip;]<\/p>","protected":false},"featured_media":14048,"comment_status":"open","ping_status":"closed","template":"","meta":[],"product_brand":[],"product_cat":[126,160],"product_tag":[],"class_list":{"0":"post-14036","1":"product","2":"type-product","3":"status-publish","4":"has-post-thumbnail","6":"product_cat-jakne-i-kaputi","7":"product_cat-parke","9":"first","10":"instock","11":"taxable","12":"shipping-taxable","13":"purchasable","14":"product-type-variable"},"_links":{"self":[{"href":"https:\/\/webshop.humananova.org\/en\/wp-json\/wp\/v2\/product\/14036","targetHints":{"allow":["GET"]}}],"collection":[{"href":"https:\/\/webshop.humananova.org\/en\/wp-json\/wp\/v2\/product"}],"about":[{"href":"https:\/\/webshop.humananova.org\/en\/wp-json\/wp\/v2\/types\/product"}],"replies":[{"embeddable":true,"href":"https:\/\/webshop.humananova.org\/en\/wp-json\/wp\/v2\/comments?post=14036"}],"wp:featuredmedia":[{"embeddable":true,"href":"https:\/\/webshop.humananova.org\/en\/wp-json\/wp\/v2\/media\/14048"}],"wp:attachment":[{"href":"https:\/\/webshop.humananova.org\/en\/wp-json\/wp\/v2\/media?parent=14036"}],"wp:term":[{"taxonomy":"product_brand","embeddable":true,"href":"https:\/\/webshop.humananova.org\/en\/wp-json\/wp\/v2\/product_brand?post=14036"},{"taxonomy":"product_cat","embeddable":true,"href":"https:\/\/webshop.humananova.org\/en\/wp-json\/wp\/v2\/product_cat?post=14036"},{"taxonomy":"product_tag","embeddable":true,"href":"https:\/\/webshop.humananova.org\/en\/wp-json\/wp\/v2\/product_tag?post=14036"}],"curies":[{"name":"wp","href":"https:\/\/api.w.org\/{rel}","templated":true}]}}