{"id":14228,"date":"2025-05-28T17:24:17","date_gmt":"2025-05-28T17:24:17","guid":{"rendered":"https:\/\/webshop.humananova.org\/?post_type=product&#038;p=14228"},"modified":"2026-05-05T06:37:06","modified_gmt":"2026-05-05T06:37:06","slug":"hlace-redizajn","status":"publish","type":"product","link":"https:\/\/webshop.humananova.org\/en\/hlace-redizajn\/","title":{"rendered":"TROUSES REDESIGN"},"content":{"rendered":"<p>Vi\u0161e od hla\u010da. Hla\u010de koje nastaju promi\u0161ljenim redizajnom u duhu odr\u017eive mode, pretvorene u funkcionalan i trendi komad garderobe. <strong>Raspon veli\u010dina ovisi o modelu hla\u010da.<\/strong><\/p>","protected":false},"excerpt":{"rendered":"<p>Vi\u0161e od hla\u010da. Hla\u010de koje nastaju promi\u0161ljenim redizajnom u duhu odr\u017eive mode, pretvorene u funkcionalan i trendi komad garderobe. Raspon veli\u010dina ovisi o modelu hla\u010da.<\/p>","protected":false},"featured_media":14245,"comment_status":"closed","ping_status":"closed","template":"","meta":[],"product_brand":[],"product_cat":[136,130],"product_tag":[],"class_list":{"0":"post-14228","1":"product","2":"type-product","3":"status-publish","4":"has-post-thumbnail","6":"product_cat-hlace-odjeca-2","7":"product_cat-odjeca-2","9":"first","10":"instock","11":"taxable","12":"shipping-taxable","13":"purchasable","14":"product-type-variable"},"_links":{"self":[{"href":"https:\/\/webshop.humananova.org\/en\/wp-json\/wp\/v2\/product\/14228","targetHints":{"allow":["GET"]}}],"collection":[{"href":"https:\/\/webshop.humananova.org\/en\/wp-json\/wp\/v2\/product"}],"about":[{"href":"https:\/\/webshop.humananova.org\/en\/wp-json\/wp\/v2\/types\/product"}],"replies":[{"embeddable":true,"href":"https:\/\/webshop.humananova.org\/en\/wp-json\/wp\/v2\/comments?post=14228"}],"wp:featuredmedia":[{"embeddable":true,"href":"https:\/\/webshop.humananova.org\/en\/wp-json\/wp\/v2\/media\/14245"}],"wp:attachment":[{"href":"https:\/\/webshop.humananova.org\/en\/wp-json\/wp\/v2\/media?parent=14228"}],"wp:term":[{"taxonomy":"product_brand","embeddable":true,"href":"https:\/\/webshop.humananova.org\/en\/wp-json\/wp\/v2\/product_brand?post=14228"},{"taxonomy":"product_cat","embeddable":true,"href":"https:\/\/webshop.humananova.org\/en\/wp-json\/wp\/v2\/product_cat?post=14228"},{"taxonomy":"product_tag","embeddable":true,"href":"https:\/\/webshop.humananova.org\/en\/wp-json\/wp\/v2\/product_tag?post=14228"}],"curies":[{"name":"wp","href":"https:\/\/api.w.org\/{rel}","templated":true}]}}