{"id":15286,"date":"2025-07-14T14:03:54","date_gmt":"2025-07-14T14:03:54","guid":{"rendered":"https:\/\/webshop.humananova.org\/?post_type=product&#038;p=15286"},"modified":"2026-04-21T12:20:20","modified_gmt":"2026-04-21T12:20:20","slug":"bike-ruksak","status":"publish","type":"product","link":"https:\/\/webshop.humananova.org\/en\/bike-ruksak\/","title":{"rendered":"Bike ruksak"},"content":{"rendered":"<p><span data-sheets-root=\"1\">Bike ruksak izra\u0111en je od eko ko\u017ee i traka od trapera ili kepera (ovisno o dostupnim materijalima). Sastoji se od podesivih ru\u010daka za no\u0161enje koje se pomo\u0107u metalnih kop\u010di pretvaraju u vezice pomo\u0107u kojih je ruksak mogu\u0107e zavezati na volan bicikla.<\/span><\/p>\n<p>Boja ru\u010dki se mo\u017ee razlikovati.<\/p>","protected":false},"excerpt":{"rendered":"<p><span data-sheets-root=\"1\">DIMENSIONS:<\/span><\/p>\n<p>Visina 42 cm<\/p>\n<p>\u0160irina: 37 cm<\/p>\n<p>\u0160irina pri dnu: 11 cm<\/p>","protected":false},"featured_media":16501,"comment_status":"open","ping_status":"closed","template":"","meta":[],"product_brand":[],"product_cat":[140,139],"product_tag":[],"class_list":{"0":"post-15286","1":"product","2":"type-product","3":"status-publish","4":"has-post-thumbnail","6":"product_cat-bike-ruksak","7":"product_cat-ruksaci-dodaci","9":"first","10":"instock","11":"featured","12":"taxable","13":"shipping-taxable","14":"purchasable","15":"product-type-variable"},"_links":{"self":[{"href":"https:\/\/webshop.humananova.org\/en\/wp-json\/wp\/v2\/product\/15286","targetHints":{"allow":["GET"]}}],"collection":[{"href":"https:\/\/webshop.humananova.org\/en\/wp-json\/wp\/v2\/product"}],"about":[{"href":"https:\/\/webshop.humananova.org\/en\/wp-json\/wp\/v2\/types\/product"}],"replies":[{"embeddable":true,"href":"https:\/\/webshop.humananova.org\/en\/wp-json\/wp\/v2\/comments?post=15286"}],"wp:featuredmedia":[{"embeddable":true,"href":"https:\/\/webshop.humananova.org\/en\/wp-json\/wp\/v2\/media\/16501"}],"wp:attachment":[{"href":"https:\/\/webshop.humananova.org\/en\/wp-json\/wp\/v2\/media?parent=15286"}],"wp:term":[{"taxonomy":"product_brand","embeddable":true,"href":"https:\/\/webshop.humananova.org\/en\/wp-json\/wp\/v2\/product_brand?post=15286"},{"taxonomy":"product_cat","embeddable":true,"href":"https:\/\/webshop.humananova.org\/en\/wp-json\/wp\/v2\/product_cat?post=15286"},{"taxonomy":"product_tag","embeddable":true,"href":"https:\/\/webshop.humananova.org\/en\/wp-json\/wp\/v2\/product_tag?post=15286"}],"curies":[{"name":"wp","href":"https:\/\/api.w.org\/{rel}","templated":true}]}}