{"id":15341,"date":"2025-07-15T11:20:19","date_gmt":"2025-07-15T11:20:19","guid":{"rendered":"https:\/\/webshop.humananova.org\/?post_type=product&#038;p=15341"},"modified":"2026-04-23T11:17:50","modified_gmt":"2026-04-23T11:17:50","slug":"bike-torba","status":"publish","type":"product","link":"https:\/\/webshop.humananova.org\/en\/bike-torba\/","title":{"rendered":"Bike Torba"},"content":{"rendered":"<p>Bike torba izra\u0111ena je od eko ko\u017ee i kombinacije ostalih materijala. Sastoji se od ru\u010daka za no\u0161enje u jednoj ruci te od vezica pomo\u0107u kojih je torbu mogu\u0107e zavezati na volan bicikla.<\/p>\n<p>Boja ru\u010dki se mo\u017ee razlikovati.<\/p>","protected":false},"excerpt":{"rendered":"<p><span data-sheets-root=\"1\">\u0160irina: 37 cm<br \/>\nVisina: 42 cm<\/span><\/p>\n<p>\u0160irina pri dnu: 12 cm<\/p>","protected":false},"featured_media":16518,"comment_status":"open","ping_status":"closed","template":"","meta":[],"product_brand":[],"product_cat":[145,144],"product_tag":[],"class_list":{"0":"post-15341","1":"product","2":"type-product","3":"status-publish","4":"has-post-thumbnail","6":"product_cat-bike-torba","7":"product_cat-torbe-dodaci","9":"first","10":"instock","11":"taxable","12":"shipping-taxable","13":"purchasable","14":"product-type-variable","15":"has-default-attributes"},"_links":{"self":[{"href":"https:\/\/webshop.humananova.org\/en\/wp-json\/wp\/v2\/product\/15341","targetHints":{"allow":["GET"]}}],"collection":[{"href":"https:\/\/webshop.humananova.org\/en\/wp-json\/wp\/v2\/product"}],"about":[{"href":"https:\/\/webshop.humananova.org\/en\/wp-json\/wp\/v2\/types\/product"}],"replies":[{"embeddable":true,"href":"https:\/\/webshop.humananova.org\/en\/wp-json\/wp\/v2\/comments?post=15341"}],"wp:featuredmedia":[{"embeddable":true,"href":"https:\/\/webshop.humananova.org\/en\/wp-json\/wp\/v2\/media\/16518"}],"wp:attachment":[{"href":"https:\/\/webshop.humananova.org\/en\/wp-json\/wp\/v2\/media?parent=15341"}],"wp:term":[{"taxonomy":"product_brand","embeddable":true,"href":"https:\/\/webshop.humananova.org\/en\/wp-json\/wp\/v2\/product_brand?post=15341"},{"taxonomy":"product_cat","embeddable":true,"href":"https:\/\/webshop.humananova.org\/en\/wp-json\/wp\/v2\/product_cat?post=15341"},{"taxonomy":"product_tag","embeddable":true,"href":"https:\/\/webshop.humananova.org\/en\/wp-json\/wp\/v2\/product_tag?post=15341"}],"curies":[{"name":"wp","href":"https:\/\/api.w.org\/{rel}","templated":true}]}}