{"id":15802,"date":"2025-10-27T08:43:12","date_gmt":"2025-10-27T08:43:12","guid":{"rendered":"https:\/\/webshop.humananova.org\/?post_type=product&#038;p=15802"},"modified":"2026-04-22T12:43:54","modified_gmt":"2026-04-22T12:43:54","slug":"ruksak-ecoventure","status":"publish","type":"product","link":"https:\/\/webshop.humananova.org\/en\/ruksak-ecoventure\/","title":{"rendered":"Ruksak Ecoventure"},"content":{"rendered":"<p>ECOVENTURE is a versatile backpack made by Humana Nova from repurposed, durable materials. Thanks to metal snap buttons, the top can be rolled and fastened, allowing you to change its shape and volume. Adjustable shoulder straps and practical pockets\u2014including a hidden back pocket and an inner pocket with a key clip\u2014make it perfect for organization on the go. When the shoulder straps are removed, ECOVENTURE transforms into a bag that can be carried by hand, on the shoulder, or across the body. Each piece is unique.<\/p>\n<p><strong>DIMENSIONS: <\/strong><span data-sheets-root=\"1\">Visina: 46 cm; \u0160irina: 41 cm; Dubina: 11 cm<\/span><\/p>\n<p>&nbsp;<\/p>\n<p>&nbsp;<\/p>","protected":false},"excerpt":{"rendered":"<p>ECOVENTURE je vi\u0161enamjenski ruksak izra\u0111en u Humani Novoj od prenamijenjenih i \u010dvrstih materijala. Zahvaljuju\u0107i metalnim drukerima, gornji dio se mo\u017ee zarolati i zakop\u010dati, mijenjaju\u0107i oblik i volumen. Podesive naramenice, prakti\u010dni d\u017eepovi (uklju\u010duju\u0107i skriveni le\u0111ni i unutarnji d\u017eep s kop\u010dom za klju\u010deve) \u010dine ga savr\u0161enim za organizaciju u pokretu. Kada se skinu naramenice, ECOVENTURE postaje torba [&hellip;]<\/p>","protected":false},"featured_media":16450,"comment_status":"open","ping_status":"closed","template":"","meta":[],"product_brand":[],"product_cat":[141,139],"product_tag":[],"class_list":{"0":"post-15802","1":"product","2":"type-product","3":"status-publish","4":"has-post-thumbnail","6":"product_cat-ecoventure","7":"product_cat-ruksaci-dodaci","9":"first","10":"instock","11":"taxable","12":"shipping-taxable","13":"purchasable","14":"product-type-variable"},"_links":{"self":[{"href":"https:\/\/webshop.humananova.org\/en\/wp-json\/wp\/v2\/product\/15802","targetHints":{"allow":["GET"]}}],"collection":[{"href":"https:\/\/webshop.humananova.org\/en\/wp-json\/wp\/v2\/product"}],"about":[{"href":"https:\/\/webshop.humananova.org\/en\/wp-json\/wp\/v2\/types\/product"}],"replies":[{"embeddable":true,"href":"https:\/\/webshop.humananova.org\/en\/wp-json\/wp\/v2\/comments?post=15802"}],"wp:featuredmedia":[{"embeddable":true,"href":"https:\/\/webshop.humananova.org\/en\/wp-json\/wp\/v2\/media\/16450"}],"wp:attachment":[{"href":"https:\/\/webshop.humananova.org\/en\/wp-json\/wp\/v2\/media?parent=15802"}],"wp:term":[{"taxonomy":"product_brand","embeddable":true,"href":"https:\/\/webshop.humananova.org\/en\/wp-json\/wp\/v2\/product_brand?post=15802"},{"taxonomy":"product_cat","embeddable":true,"href":"https:\/\/webshop.humananova.org\/en\/wp-json\/wp\/v2\/product_cat?post=15802"},{"taxonomy":"product_tag","embeddable":true,"href":"https:\/\/webshop.humananova.org\/en\/wp-json\/wp\/v2\/product_tag?post=15802"}],"curies":[{"name":"wp","href":"https:\/\/api.w.org\/{rel}","templated":true}]}}